{"id":7,"date":"2023-01-23T21:29:46","date_gmt":"2023-01-23T20:29:46","guid":{"rendered":"http:\/\/bartos.company\/?page_id=7"},"modified":"2023-01-23T21:36:13","modified_gmt":"2023-01-23T20:36:13","slug":"sluzby","status":"publish","type":"page","link":"https:\/\/bartos.company\/","title":{"rendered":"Slu\u017eby"},"content":{"rendered":"<ul>\n<li>spr\u00e1va s\u00edt\u00ed, server\u016f, router\u016f, firewall\u016f<\/li>\n<li>komplexn\u00ed p\u00e9\u010de<\/li>\n<li>na v\u0161ech platform\u00e1ch MacOS\/Windows\/LINUX<\/li>\n<li>antivirov\u00e1 \u0159e\u0161en\u00ed<\/li>\n<li>bezpe\u010dnostn\u00ed audity<\/li>\n<li>VPN<\/li>\n<\/ul>\n","protected":false},"excerpt":{"rendered":"<p>spr\u00e1va s\u00edt\u00ed, server\u016f, router\u016f, firewall\u016f komplexn\u00ed p\u00e9\u010de na v\u0161ech platform\u00e1ch MacOS\/Windows\/LINUX antivirov\u00e1 \u0159e\u0161en\u00ed bezpe\u010dnostn\u00ed audity VPN<\/p>\n","protected":false},"author":1,"featured_media":0,"parent":0,"menu_order":0,"comment_status":"closed","ping_status":"closed","template":"","meta":{"footnotes":""},"class_list":["post-7","page","type-page","status-publish","hentry"],"_links":{"self":[{"href":"https:\/\/bartos.company\/index.php\/wp-json\/wp\/v2\/pages\/7","targetHints":{"allow":["GET"]}}],"collection":[{"href":"https:\/\/bartos.company\/index.php\/wp-json\/wp\/v2\/pages"}],"about":[{"href":"https:\/\/bartos.company\/index.php\/wp-json\/wp\/v2\/types\/page"}],"author":[{"embeddable":true,"href":"https:\/\/bartos.company\/index.php\/wp-json\/wp\/v2\/users\/1"}],"replies":[{"embeddable":true,"href":"https:\/\/bartos.company\/index.php\/wp-json\/wp\/v2\/comments?post=7"}],"version-history":[{"count":5,"href":"https:\/\/bartos.company\/index.php\/wp-json\/wp\/v2\/pages\/7\/revisions"}],"predecessor-version":[{"id":15,"href":"https:\/\/bartos.company\/index.php\/wp-json\/wp\/v2\/pages\/7\/revisions\/15"}],"wp:attachment":[{"href":"https:\/\/bartos.company\/index.php\/wp-json\/wp\/v2\/media?parent=7"}],"curies":[{"name":"wp","href":"https:\/\/api.w.org\/{rel}","templated":true}]}}